{"id":30,"date":"2026-03-24T09:45:33","date_gmt":"2026-03-24T09:45:33","guid":{"rendered":"https:\/\/difkazu.online\/?page_id=30"},"modified":"2026-03-24T09:45:37","modified_gmt":"2026-03-24T09:45:37","slug":"note-legali","status":"publish","type":"page","link":"https:\/\/difkazu.online\/?page_id=30","title":{"rendered":"Note Legali"},"content":{"rendered":"\n<p>La trasparenza amministrativa \u00e8 il presupposto per ogni attivit\u00e0 professionale condotta con seriet\u00e0 nel territorio di Legnago. In questa sezione sono riportate le informazioni legali che identificano il titolare e il responsabile del portale difkazu, in conformit\u00e0 con le normative vigenti in Italia. Adolfo Dellegrottaglie assicura che ogni dato qui esposto corrisponde alla realt\u00e0 operativa della sede di Via Piet\u00e0.<\/p>\n\n\n\n<p><strong>Quadro sintetico dei dati societari:<\/strong><\/p>\n\n\n\n<figure class=\"wp-block-table\"><table class=\"has-fixed-layout\"><thead><tr><td><strong>Identificativo Legale<\/strong><\/td><td><strong>Valore di Riferimento<\/strong><\/td><\/tr><\/thead><tbody><tr><td>Titolare del progetto<\/td><td>Adolfo Dellegrottaglie<\/td><\/tr><tr><td>Indirizzo della sede<\/td><td>Via Piet\u00e0, 1<\/td><\/tr><tr><td>Localit\u00e0 e Provincia<\/td><td>37045 Legnago VR<\/td><\/tr><tr><td>Codice Fiscale<\/td><td>DLLDLF81C05F152J<\/td><\/tr><tr><td>Posta Elettronica<\/td><td>mail@difkazu.online<\/td><\/tr><tr><td>Dominio di riferimento<\/td><td>difkazu<\/td><\/tr><\/tbody><\/table><\/figure>\n\n\n\n<p>L\u2019accesso ai contenuti tecnici e informativi di questo sito comporta l\u2019accettazione delle norme sulla propriet\u00e0 intellettuale. Ogni testo, tabella o approfondimento relativo alle tecniche di grooming \u00e8 frutto dell\u2019esperienza di Adolfo Dellegrottaglie \u0438 non pu\u00f2 essere utilizzato per fini commerciali da terze parti. La tutela del marchio e dei contenuti \u00e8 garantita dalle leggi italiane sul diritto d\u2019autore, con particolare riferimento alla protezione delle opere digitali originali create per la comunit\u00e0 di Verona.<\/p>\n","protected":false},"excerpt":{"rendered":"<p>La trasparenza amministrativa \u00e8 il presupposto per ogni attivit\u00e0 professionale condotta con seriet\u00e0 nel territorio di Legnago. In questa sezione sono riportate le informazioni legali [&hellip;]<\/p>\n","protected":false},"author":1,"featured_media":0,"parent":0,"menu_order":5,"comment_status":"closed","ping_status":"closed","template":"","meta":{"footnotes":""},"class_list":["post-30","page","type-page","status-publish","hentry"],"_links":{"self":[{"href":"https:\/\/difkazu.online\/index.php?rest_route=\/wp\/v2\/pages\/30","targetHints":{"allow":["GET"]}}],"collection":[{"href":"https:\/\/difkazu.online\/index.php?rest_route=\/wp\/v2\/pages"}],"about":[{"href":"https:\/\/difkazu.online\/index.php?rest_route=\/wp\/v2\/types\/page"}],"author":[{"embeddable":true,"href":"https:\/\/difkazu.online\/index.php?rest_route=\/wp\/v2\/users\/1"}],"replies":[{"embeddable":true,"href":"https:\/\/difkazu.online\/index.php?rest_route=%2Fwp%2Fv2%2Fcomments&post=30"}],"version-history":[{"count":1,"href":"https:\/\/difkazu.online\/index.php?rest_route=\/wp\/v2\/pages\/30\/revisions"}],"predecessor-version":[{"id":31,"href":"https:\/\/difkazu.online\/index.php?rest_route=\/wp\/v2\/pages\/30\/revisions\/31"}],"wp:attachment":[{"href":"https:\/\/difkazu.online\/index.php?rest_route=%2Fwp%2Fv2%2Fmedia&parent=30"}],"curies":[{"name":"wp","href":"https:\/\/api.w.org\/{rel}","templated":true}]}}