{"id":32,"date":"2026-03-24T09:45:44","date_gmt":"2026-03-24T09:45:44","guid":{"rendered":"https:\/\/difkazu.online\/?page_id=32"},"modified":"2026-03-24T09:45:47","modified_gmt":"2026-03-24T09:45:47","slug":"privacy-policy","status":"publish","type":"page","link":"https:\/\/difkazu.online\/?page_id=32","title":{"rendered":"Privacy Policy"},"content":{"rendered":"\n<p>La riservatezza dei dati personali delle famiglie e dei loro compagni animali a Legnago \u00e8 un valore che Adolfo Dellegrottaglie tutela con estremo rigore. Il trattamento delle informazioni raccolte attraverso il sito difkazu avviene secondo i principi di liceit\u00e0 e trasparenza imposti dal Regolamento UE 2016\/679 (GDPR). La nostra priorit\u00e0 \u00e8 garantire che nessuna informazione sensibile venga utilizzata in modo improprio o ceduta a soggetti esterni non autorizzati.<\/p>\n\n\n\n<p><strong>Principi cardine del trattamento dati:<\/strong><\/p>\n\n\n\n<ol start=\"1\" class=\"wp-block-list\">\n<li>Raccolta minima finalizzata esclusivamente alla gestione delle richieste di appuntamento a Legnago.<\/li>\n\n\n\n<li>Conservazione sicura all\u2019interno di sistemi informatici protetti da crittografia.<\/li>\n\n\n\n<li>Accesso limitato al solo personale tecnico incaricato da Adolfo Dellegrottaglie.<\/li>\n\n\n\n<li>Cancellazione immediata su richiesta esplicita dell\u2019interessato tramite email ufficiale.<\/li>\n<\/ol>\n\n\n\n<p><strong>Diritti fondamentali garantiti all&#8217;utente:<\/strong><\/p>\n\n\n\n<ul class=\"wp-block-list\">\n<li>Diritto di accesso per conoscere quali dati sono memorizzati nei nostri server.<\/li>\n\n\n\n<li>Diritto di rettifica in caso di informazioni errate o non aggiornate.<\/li>\n\n\n\n<li>Diritto all\u2019oblio per la rimozione totale dei propri riferimenti dalla banca dati.<\/li>\n\n\n\n<li>Diritto alla limitazione del trattamento per scopi statistici anonimi.<\/li>\n<\/ul>\n\n\n\n<p>Il responsabile del trattamento \u00e8 Adolfo Dellegrottaglie, reperibile presso la sede di Via Piet\u00e0 1 a Legnago. Ogni comunicazione riguardante la propria privacy pu\u00f2 essere inviata all\u2019indirizzo mail@difkazu.online. Crediamo che la sicurezza informatica sia la base per una collaborazione serena e duratura tra il salone e i proprietari dei cani della provincia di Verona.<\/p>\n","protected":false},"excerpt":{"rendered":"<p>La riservatezza dei dati personali delle famiglie e dei loro compagni animali a Legnago \u00e8 un valore che Adolfo Dellegrottaglie tutela con estremo rigore. Il [&hellip;]<\/p>\n","protected":false},"author":1,"featured_media":0,"parent":0,"menu_order":6,"comment_status":"closed","ping_status":"closed","template":"","meta":{"footnotes":""},"class_list":["post-32","page","type-page","status-publish","hentry"],"_links":{"self":[{"href":"https:\/\/difkazu.online\/index.php?rest_route=\/wp\/v2\/pages\/32","targetHints":{"allow":["GET"]}}],"collection":[{"href":"https:\/\/difkazu.online\/index.php?rest_route=\/wp\/v2\/pages"}],"about":[{"href":"https:\/\/difkazu.online\/index.php?rest_route=\/wp\/v2\/types\/page"}],"author":[{"embeddable":true,"href":"https:\/\/difkazu.online\/index.php?rest_route=\/wp\/v2\/users\/1"}],"replies":[{"embeddable":true,"href":"https:\/\/difkazu.online\/index.php?rest_route=%2Fwp%2Fv2%2Fcomments&post=32"}],"version-history":[{"count":1,"href":"https:\/\/difkazu.online\/index.php?rest_route=\/wp\/v2\/pages\/32\/revisions"}],"predecessor-version":[{"id":33,"href":"https:\/\/difkazu.online\/index.php?rest_route=\/wp\/v2\/pages\/32\/revisions\/33"}],"wp:attachment":[{"href":"https:\/\/difkazu.online\/index.php?rest_route=%2Fwp%2Fv2%2Fmedia&parent=32"}],"curies":[{"name":"wp","href":"https:\/\/api.w.org\/{rel}","templated":true}]}}